{"id":51,"date":"2025-09-13T16:05:15","date_gmt":"2025-09-13T19:05:15","guid":{"rendered":"https:\/\/2p.com.ar\/?post_type=product&#038;p=51"},"modified":"2025-09-13T16:12:28","modified_gmt":"2025-09-13T19:12:28","slug":"centro-de-operaciones-swat-armable","status":"publish","type":"product","link":"https:\/\/2p.com.ar\/index.php\/producto\/centro-de-operaciones-swat-armable\/","title":{"rendered":"Centro de operaciones SWAT armable (703103)"},"content":{"rendered":"<p>El set de 4 piezas Black Hawk Operations: SWAT (Centro de Operaciones de las Fuerzas Especiales) forma parte de una serie tem\u00e1tica de sets de bloques de construcci\u00f3n. Se lanz\u00f3 por primera vez en 2025.<\/p>\n<p>Apto mayores de 6+ a\u00f1os<\/p>\n","protected":false},"excerpt":{"rendered":"<p>Armable de 290pz<\/p>\n","protected":false},"featured_media":52,"template":"","meta":[],"product_brand":[20],"product_cat":[18,17],"product_tag":[25,26],"class_list":{"0":"post-51","1":"product","2":"type-product","3":"status-publish","4":"has-post-thumbnail","6":"product_brand-sembo","7":"product_cat-construccion","8":"product_cat-juguetes","9":"product_tag-armable","10":"product_tag-swat","12":"first","13":"instock","14":"shipping-taxable","15":"purchasable","16":"product-type-simple"},"_links":{"self":[{"href":"https:\/\/2p.com.ar\/index.php\/wp-json\/wp\/v2\/product\/51","targetHints":{"allow":["GET"]}}],"collection":[{"href":"https:\/\/2p.com.ar\/index.php\/wp-json\/wp\/v2\/product"}],"about":[{"href":"https:\/\/2p.com.ar\/index.php\/wp-json\/wp\/v2\/types\/product"}],"wp:featuredmedia":[{"embeddable":true,"href":"https:\/\/2p.com.ar\/index.php\/wp-json\/wp\/v2\/media\/52"}],"wp:attachment":[{"href":"https:\/\/2p.com.ar\/index.php\/wp-json\/wp\/v2\/media?parent=51"}],"wp:term":[{"taxonomy":"product_brand","embeddable":true,"href":"https:\/\/2p.com.ar\/index.php\/wp-json\/wp\/v2\/product_brand?post=51"},{"taxonomy":"product_cat","embeddable":true,"href":"https:\/\/2p.com.ar\/index.php\/wp-json\/wp\/v2\/product_cat?post=51"},{"taxonomy":"product_tag","embeddable":true,"href":"https:\/\/2p.com.ar\/index.php\/wp-json\/wp\/v2\/product_tag?post=51"}],"curies":[{"name":"wp","href":"https:\/\/api.w.org\/{rel}","templated":true}]}}